{"id":1492,"date":"2025-03-17T19:39:39","date_gmt":"2025-03-17T19:39:39","guid":{"rendered":"https:\/\/coole-poster.de\/?post_type=product&#038;p=1492"},"modified":"2026-03-30T11:43:04","modified_gmt":"2026-03-30T11:43:04","slug":"bild-retro-woman-19","status":"publish","type":"product","link":"https:\/\/coole-poster.de\/?product=bild-retro-woman-19","title":{"rendered":"Bild &#8211; Retro-Woman 19"},"content":{"rendered":"<h3>Bild &#8211; Retro-Woman 19<\/h3>\n<h3>Bild in der Gr\u00f6\u00dfen A5, A4, A3<\/h3>\n<p>Sie erhalten 1 Bild, in der Gr\u00f6\u00dfe Ihrer Wahl, auf exkusiven Fotokarton, gedruckt mit hochfertiger Farbe in Fotoqualit\u00e4t.<\/p>\n<p>Die Bilder sind nicht gerahmt. Sie eignen sich sowohl f\u00fcr rahmenlose Bildhalter, als auch f\u00fcr Bilderrahmen, die Sie passend aussuchen.<\/p>\n","protected":false},"excerpt":{"rendered":"<h3>Bild &#8211; Retro-Woman 19<\/h3>\n<h3>Bild in der Gr\u00f6\u00dfen A5, A4, A3<\/h3>\n<p>Alle angegebenen Preise sind Endpreise zzgl. Liefer-\/Versandkosten. Aufgrund des Kleinunternehmerstatus gem. \u00a7 19 UStG erheben wir keine Umsatzsteuer und weisen diese daher auch nicht aus.<\/p>\n","protected":false},"featured_media":1381,"template":"","meta":[],"product_brand":[],"product_cat":[22],"product_tag":[],"class_list":{"0":"post-1492","1":"product","2":"type-product","3":"status-publish","4":"has-post-thumbnail","6":"product_cat-vintage-retro","7":"product_shipping_class-poster","9":"first","10":"outofstock","11":"featured","12":"shipping-taxable","13":"purchasable","14":"product-type-variable"},"_links":{"self":[{"href":"https:\/\/coole-poster.de\/index.php?rest_route=\/wp\/v2\/product\/1492","targetHints":{"allow":["GET"]}}],"collection":[{"href":"https:\/\/coole-poster.de\/index.php?rest_route=\/wp\/v2\/product"}],"about":[{"href":"https:\/\/coole-poster.de\/index.php?rest_route=\/wp\/v2\/types\/product"}],"version-history":[{"count":1,"href":"https:\/\/coole-poster.de\/index.php?rest_route=\/wp\/v2\/product\/1492\/revisions"}],"predecessor-version":[{"id":1496,"href":"https:\/\/coole-poster.de\/index.php?rest_route=\/wp\/v2\/product\/1492\/revisions\/1496"}],"wp:featuredmedia":[{"embeddable":true,"href":"https:\/\/coole-poster.de\/index.php?rest_route=\/wp\/v2\/media\/1381"}],"wp:attachment":[{"href":"https:\/\/coole-poster.de\/index.php?rest_route=%2Fwp%2Fv2%2Fmedia&parent=1492"}],"wp:term":[{"taxonomy":"product_brand","embeddable":true,"href":"https:\/\/coole-poster.de\/index.php?rest_route=%2Fwp%2Fv2%2Fproduct_brand&post=1492"},{"taxonomy":"product_cat","embeddable":true,"href":"https:\/\/coole-poster.de\/index.php?rest_route=%2Fwp%2Fv2%2Fproduct_cat&post=1492"},{"taxonomy":"product_tag","embeddable":true,"href":"https:\/\/coole-poster.de\/index.php?rest_route=%2Fwp%2Fv2%2Fproduct_tag&post=1492"}],"curies":[{"name":"wp","href":"https:\/\/api.w.org\/{rel}","templated":true}]}}