{"id":958,"date":"2025-03-04T13:13:54","date_gmt":"2025-03-04T13:13:54","guid":{"rendered":"https:\/\/coole-poster.de\/?page_id=958"},"modified":"2025-03-08T12:47:16","modified_gmt":"2025-03-08T12:47:16","slug":"willkommen-2","status":"publish","type":"page","link":"https:\/\/coole-poster.de\/","title":{"rendered":"Willkommen"},"content":{"rendered":"\t\t<div data-elementor-type=\"wp-page\" data-elementor-id=\"958\" class=\"elementor elementor-958\">\n\t\t\t\t<div class=\"elementor-element elementor-element-1b9fc53 e-flex e-con-boxed e-con e-parent\" data-id=\"1b9fc53\" data-element_type=\"container\" data-e-type=\"container\">\n\t\t\t\t\t<div class=\"e-con-inner\">\n\t\t\t\t<div class=\"elementor-element elementor-element-79845ee animated-slow elementor-invisible elementor-widget elementor-widget-ucaddon_3d_text\" data-id=\"79845ee\" data-element_type=\"widget\" data-e-type=\"widget\" data-settings=\"{&quot;_animation&quot;:&quot;slideInDown&quot;}\" data-widget_type=\"ucaddon_3d_text.default\">\n\t\t\t\t<div class=\"elementor-widget-container\">\n\t\t\t\t\t\n<!-- start 3D Text -->\n<style>\/* widget: 3D Text *\/\n\n#uc_3d_text_elementor_79845ee .threed_text {\n  display: block;\n  \ttext-shadow: 0px 1px 0px rgb(204,204,204), 0px 2px 0px rgb(201,201,201), 0px 3px 0px rgb(187,187,187), 0px 4px 0px rgb(185,185,185), 0px 5px 0px rgb(170,170,170), 0px 6px 1px rgba(0,0,0,0.0980392), 0px 0px 5px rgba(0,0,0,0.0980392), 0px 1px 3px rgba(0,0,0,0.298039), 0px 3px 5px rgba(0,0,0,0.2), 0px 5px 10px rgba(0,0,0,0.247059), 0px 10px 10px rgba(0,0,0,0.2); \n  \t\n\n  \t\n\n  \n    \n  \n    \n  \n  \n  \n}\n\n\n.threed_text\n{\n  font-size:52px;\n}\n\n<\/style>\n\n<div id=\"uc_3d_text_elementor_79845ee\" class=\"threed_text_wrapper\">\n  <div class=\"threed_text\">\n    Herzlich willkommen auf meinem Poster und Bilder Shop\n  <\/div>\n<\/div>\n<!-- end 3D Text -->\t\t\t\t<\/div>\n\t\t\t\t<\/div>\n\t\t\t\t\t<\/div>\n\t\t\t\t<\/div>\n\t\t<div class=\"elementor-element elementor-element-fcf83c6 e-grid e-con-boxed e-con e-parent\" data-id=\"fcf83c6\" data-element_type=\"container\" data-e-type=\"container\">\n\t\t\t\t\t<div class=\"e-con-inner\">\n\t\t\t\t<div class=\"elementor-element elementor-element-06b1df1 animated-slow elementor-widget__width-auto elementor-arrows-position-inside elementor-pagination-position-outside elementor-invisible elementor-widget elementor-widget-image-carousel\" data-id=\"06b1df1\" data-element_type=\"widget\" data-e-type=\"widget\" data-settings=\"{&quot;slides_to_show&quot;:&quot;1&quot;,&quot;lazyload&quot;:&quot;yes&quot;,&quot;effect&quot;:&quot;fade&quot;,&quot;_animation&quot;:&quot;rotateIn&quot;,&quot;navigation&quot;:&quot;both&quot;,&quot;autoplay&quot;:&quot;yes&quot;,&quot;pause_on_hover&quot;:&quot;yes&quot;,&quot;pause_on_interaction&quot;:&quot;yes&quot;,&quot;autoplay_speed&quot;:5000,&quot;infinite&quot;:&quot;yes&quot;,&quot;speed&quot;:500}\" data-widget_type=\"image-carousel.default\">\n\t\t\t\t<div class=\"elementor-widget-container\">\n\t\t\t\t\t\t\t<div class=\"elementor-image-carousel-wrapper swiper\" role=\"region\" aria-roledescription=\"carousel\" aria-label=\"Bild Karussell\" dir=\"ltr\">\n\t\t\t<div class=\"elementor-image-carousel swiper-wrapper\" aria-live=\"off\">\n\t\t\t\t\t\t\t\t<div class=\"swiper-slide\" role=\"group\" aria-roledescription=\"slide\" aria-label=\"1 von 13\"><figure class=\"swiper-slide-inner\"><img class=\"swiper-slide-image swiper-lazy\" data-src=\"https:\/\/coole-poster.de\/wp-content\/uploads\/2025\/02\/11-Copy.webp\" alt=\"11 (Copy)\" \/><div class=\"swiper-lazy-preloader\"><\/div><\/figure><\/div><div class=\"swiper-slide\" role=\"group\" aria-roledescription=\"slide\" aria-label=\"2 von 13\"><figure class=\"swiper-slide-inner\"><img class=\"swiper-slide-image swiper-lazy\" data-src=\"https:\/\/coole-poster.de\/wp-content\/uploads\/2025\/02\/4-Copy.webp\" alt=\"4 (Copy)\" \/><div class=\"swiper-lazy-preloader\"><\/div><\/figure><\/div><div class=\"swiper-slide\" role=\"group\" aria-roledescription=\"slide\" aria-label=\"3 von 13\"><figure class=\"swiper-slide-inner\"><img class=\"swiper-slide-image swiper-lazy\" data-src=\"https:\/\/coole-poster.de\/wp-content\/uploads\/2025\/03\/2607-Janis-Joplin-Sketch.webp\" alt=\"NEW YORK - CIRCA 1968: Singer Janis Joplin and Big Brother and the Holding Company perform onstage at the Fillmore East circa 1968 in New York City, New York. (Photo by Julie Snow\/Michael Ochs Archives\/Getty Images)\" \/><div class=\"swiper-lazy-preloader\"><\/div><\/figure><\/div><div class=\"swiper-slide\" role=\"group\" aria-roledescription=\"slide\" aria-label=\"4 von 13\"><figure class=\"swiper-slide-inner\"><img class=\"swiper-slide-image swiper-lazy\" data-src=\"https:\/\/coole-poster.de\/wp-content\/uploads\/2025\/02\/98-Copy.png\" alt=\"98 (Copy)\" \/><div class=\"swiper-lazy-preloader\"><\/div><\/figure><\/div><div class=\"swiper-slide\" role=\"group\" aria-roledescription=\"slide\" aria-label=\"5 von 13\"><figure class=\"swiper-slide-inner\"><img class=\"swiper-slide-image swiper-lazy\" data-src=\"https:\/\/coole-poster.de\/wp-content\/uploads\/2025\/02\/7-Copy.webp\" alt=\"7 (Copy)\" \/><div class=\"swiper-lazy-preloader\"><\/div><\/figure><\/div><div class=\"swiper-slide\" role=\"group\" aria-roledescription=\"slide\" aria-label=\"6 von 13\"><figure class=\"swiper-slide-inner\"><img class=\"swiper-slide-image swiper-lazy\" data-src=\"https:\/\/coole-poster.de\/wp-content\/uploads\/2025\/02\/5-Copy.webp\" alt=\"5 (Copy)\" \/><div class=\"swiper-lazy-preloader\"><\/div><\/figure><\/div><div class=\"swiper-slide\" role=\"group\" aria-roledescription=\"slide\" aria-label=\"7 von 13\"><figure class=\"swiper-slide-inner\"><img class=\"swiper-slide-image swiper-lazy\" data-src=\"https:\/\/coole-poster.de\/wp-content\/uploads\/2025\/03\/Jim-Morrison-MICRO.webp\" alt=\"-Jim-Morrison-MICRO\" \/><div class=\"swiper-lazy-preloader\"><\/div><\/figure><\/div><div class=\"swiper-slide\" role=\"group\" aria-roledescription=\"slide\" aria-label=\"8 von 13\"><figure class=\"swiper-slide-inner\"><img class=\"swiper-slide-image swiper-lazy\" data-src=\"https:\/\/coole-poster.de\/wp-content\/uploads\/2025\/02\/102-Copy.png\" alt=\"102 (Copy)\" \/><div class=\"swiper-lazy-preloader\"><\/div><\/figure><\/div><div class=\"swiper-slide\" role=\"group\" aria-roledescription=\"slide\" aria-label=\"9 von 13\"><figure class=\"swiper-slide-inner\"><img class=\"swiper-slide-image swiper-lazy\" data-src=\"https:\/\/coole-poster.de\/wp-content\/uploads\/2025\/02\/101-Copy.png\" alt=\"101 (Copy)\" \/><div class=\"swiper-lazy-preloader\"><\/div><\/figure><\/div><div class=\"swiper-slide\" role=\"group\" aria-roledescription=\"slide\" aria-label=\"10 von 13\"><figure class=\"swiper-slide-inner\"><img class=\"swiper-slide-image swiper-lazy\" data-src=\"https:\/\/coole-poster.de\/wp-content\/uploads\/2025\/02\/100-Copy.png\" alt=\"100 (Copy)\" \/><div class=\"swiper-lazy-preloader\"><\/div><\/figure><\/div><div class=\"swiper-slide\" role=\"group\" aria-roledescription=\"slide\" aria-label=\"11 von 13\"><figure class=\"swiper-slide-inner\"><img class=\"swiper-slide-image swiper-lazy\" data-src=\"https:\/\/coole-poster.de\/wp-content\/uploads\/2025\/02\/93-Copy.png\" alt=\"93 (Copy)\" \/><div class=\"swiper-lazy-preloader\"><\/div><\/figure><\/div><div class=\"swiper-slide\" role=\"group\" aria-roledescription=\"slide\" aria-label=\"12 von 13\"><figure class=\"swiper-slide-inner\"><img class=\"swiper-slide-image swiper-lazy\" data-src=\"https:\/\/coole-poster.de\/wp-content\/uploads\/2025\/02\/86-Copy.png\" alt=\"86 (Copy)\" \/><div class=\"swiper-lazy-preloader\"><\/div><\/figure><\/div><div class=\"swiper-slide\" role=\"group\" aria-roledescription=\"slide\" aria-label=\"13 von 13\"><figure class=\"swiper-slide-inner\"><img class=\"swiper-slide-image swiper-lazy\" data-src=\"https:\/\/coole-poster.de\/wp-content\/uploads\/2025\/03\/michaeljackson-sketch.webp\" alt=\"michaeljackson-sketch\" \/><div class=\"swiper-lazy-preloader\"><\/div><\/figure><\/div>\t\t\t<\/div>\n\t\t\t\t\t\t\t\t\t\t\t\t<div class=\"elementor-swiper-button elementor-swiper-button-prev\" role=\"button\" tabindex=\"0\">\n\t\t\t\t\t\t<svg aria-hidden=\"true\" class=\"e-font-icon-svg e-eicon-chevron-left\" viewBox=\"0 0 1000 1000\" xmlns=\"http:\/\/www.w3.org\/2000\/svg\"><path d=\"M646 125C629 125 613 133 604 142L308 442C296 454 292 471 292 487 292 504 296 521 308 533L604 854C617 867 629 875 646 875 663 875 679 871 692 858 704 846 713 829 713 812 713 796 708 779 692 767L438 487 692 225C700 217 708 204 708 187 708 171 704 154 692 142 675 129 663 125 646 125Z\"><\/path><\/svg>\t\t\t\t\t<\/div>\n\t\t\t\t\t<div class=\"elementor-swiper-button elementor-swiper-button-next\" role=\"button\" tabindex=\"0\">\n\t\t\t\t\t\t<svg aria-hidden=\"true\" class=\"e-font-icon-svg e-eicon-chevron-right\" viewBox=\"0 0 1000 1000\" xmlns=\"http:\/\/www.w3.org\/2000\/svg\"><path d=\"M696 533C708 521 713 504 713 487 713 471 708 454 696 446L400 146C388 133 375 125 354 125 338 125 325 129 313 142 300 154 292 171 292 187 292 204 296 221 308 233L563 492 304 771C292 783 288 800 288 817 288 833 296 850 308 863 321 871 338 875 354 875 371 875 388 867 400 854L696 533Z\"><\/path><\/svg>\t\t\t\t\t<\/div>\n\t\t\t\t\n\t\t\t\t\t\t\t\t\t<div class=\"swiper-pagination\"><\/div>\n\t\t\t\t\t\t\t\t\t<\/div>\n\t\t\t\t\t\t<\/div>\n\t\t\t\t<\/div>\n\t\t\t\t<div class=\"elementor-element elementor-element-1e1a267 elementor-widget elementor-widget-text-editor\" data-id=\"1e1a267\" data-element_type=\"widget\" data-e-type=\"widget\" data-widget_type=\"text-editor.default\">\n\t\t\t\t<div class=\"elementor-widget-container\">\n\t\t\t\t\t\t\t\t\t<h5><em>Sie erhalten hier dekorative Poster und Bilder f\u00fcr Ihr Zuhause, die aber auch als at<\/em><em>traktive Geschenke beliebt sind. <\/em><\/h5><h5><em>Es gibt bei mir keine Massenware oder Poster, die in jedem Gesch\u00e4ft erh\u00e4ltlich sind.<\/em><\/h5><h5><br \/><em>Ihr Poster wird Ihren Besuchern und G\u00e4sten sofort ins Auge fallen. Sie finden hier Poster aus den Berreichen Pop, Rock, Retro, Mode, Tiere, Comic, uvm.<\/em><\/h5><h5><br \/><em>Coole Poster f\u00fcr Jugendzimmer und moderne Wohnungen. Auch f\u00fcr Cafe`s oder Gesch\u00e4fte werden Sie ein passendes Bild finden.<\/em><\/h5><h5><em> Egal ob Teenager, Junge oder M\u00e4dchen, oder auch moderne Eltern, die sich f\u00fcr attraktive und ausgefallene Wandkunst begeistern k\u00f6nnen, hier finden Sie den idealen und passenden Wandschmuck.<\/em><\/h5><h5><br \/><em>Die Auswahl wird st\u00e4ndig erweitert und erg\u00e4nzt. Zur Herstellung benutze ich nur hochwertige Grafiken, die ich entsprechend anpasse, dazu entwickle ich exklusive Designs, die jedem Poster das besondere \u201eEtwas\u201c geben.<\/em><\/h5><h5><em> In der Regel biete ich alle Poster in der Gr\u00f6\u00dfe DIN A3 an. Allerdings besteht auch die M\u00f6glichkeit, die Gr\u00f6\u00dfen A4 und A3+ zu bekommen.<\/em><br \/><em>Schreiben Sie mich dazu einfach an.<\/em><\/h5>\t\t\t\t\t\t\t\t<\/div>\n\t\t\t\t<\/div>\n\t\t\t\t\t<\/div>\n\t\t\t\t<\/div>\n\t\t<div class=\"elementor-element elementor-element-5022e9f e-grid e-con-full e-con e-parent\" data-id=\"5022e9f\" data-element_type=\"container\" data-e-type=\"container\">\n\t\t\t\t<div class=\"elementor-element elementor-element-7c5522f elementor-widget elementor-widget-text-editor\" data-id=\"7c5522f\" data-element_type=\"widget\" data-e-type=\"widget\" data-widget_type=\"text-editor.default\">\n\t\t\t\t<div class=\"elementor-widget-container\">\n\t\t\t\t\t\t\t\t\t<h5><em><strong>Acryl-Bilder<\/strong><\/em><\/h5><p><em><strong>Jedes Bild ist ein Einzelst\u00fcck. Ich male immer auf Leinwand, die auf Rahmen gespannt ist. Die Formate w\u00e4hle ich je nach Motiv unterschiedlich.<\/strong><\/em><\/p><p><em><strong> Ich nehme oft das Format 40x40cm, aber auch gr\u00f6\u00dfere Formate sind unter meinen Bildern. <\/strong><\/em><\/p><p><em><strong>Ich male mit hochwertigen Acryl-Farben, verwende aber oft auch Acryl-Struktur Paste, um Akzente zu setzen. Die Farben trage ich mit unterschiedlichen Techniken auf. Oft wende ich die Tupf \u2013 Technik an, aber auch Pinsel und Spachtel kommen dabei zum Einsatz.<\/strong><\/em><\/p><p><em><strong> Durch spr\u00fchen erziele ich oft Effekte, die nur so zu erreichen sind. <\/strong><\/em><\/p><p><em><strong>Bei einigen Bildern verwende ich, von mir entworfene und angefertigte Schablonen, damit die Motive klarer werden. <\/strong><\/em><\/p><p><em><strong>Haben\u00a0 Sie Interesse? st\u00f6bern Sie doch in meinem Shop!<\/strong><\/em><\/p>\t\t\t\t\t\t\t\t<\/div>\n\t\t\t\t<\/div>\n\t\t\t\t<div class=\"elementor-element elementor-element-ddbc67d elementor-arrows-position-inside elementor-pagination-position-outside elementor-invisible elementor-widget elementor-widget-image-carousel\" data-id=\"ddbc67d\" data-element_type=\"widget\" data-e-type=\"widget\" data-settings=\"{&quot;slides_to_show&quot;:&quot;1&quot;,&quot;effect&quot;:&quot;fade&quot;,&quot;_animation&quot;:&quot;zoomIn&quot;,&quot;navigation&quot;:&quot;both&quot;,&quot;autoplay&quot;:&quot;yes&quot;,&quot;pause_on_hover&quot;:&quot;yes&quot;,&quot;pause_on_interaction&quot;:&quot;yes&quot;,&quot;autoplay_speed&quot;:5000,&quot;infinite&quot;:&quot;yes&quot;,&quot;speed&quot;:500}\" data-widget_type=\"image-carousel.default\">\n\t\t\t\t<div class=\"elementor-widget-container\">\n\t\t\t\t\t\t\t<div class=\"elementor-image-carousel-wrapper swiper\" role=\"region\" aria-roledescription=\"carousel\" aria-label=\"Bild Karussell\" dir=\"ltr\">\n\t\t\t<div class=\"elementor-image-carousel swiper-wrapper\" aria-live=\"off\">\n\t\t\t\t\t\t\t\t<div class=\"swiper-slide\" role=\"group\" aria-roledescription=\"slide\" aria-label=\"1 von 7\"><figure class=\"swiper-slide-inner\"><img decoding=\"async\" class=\"swiper-slide-image\" src=\"https:\/\/coole-poster.de\/wp-content\/uploads\/2025\/02\/IMG_5118.webp\" alt=\"IMG_5118\" \/><\/figure><\/div><div class=\"swiper-slide\" role=\"group\" aria-roledescription=\"slide\" aria-label=\"2 von 7\"><figure class=\"swiper-slide-inner\"><img decoding=\"async\" class=\"swiper-slide-image\" src=\"https:\/\/coole-poster.de\/wp-content\/uploads\/2025\/02\/IMG_5123.webp\" alt=\"IMG_5123\" \/><\/figure><\/div><div class=\"swiper-slide\" role=\"group\" aria-roledescription=\"slide\" aria-label=\"3 von 7\"><figure class=\"swiper-slide-inner\"><img decoding=\"async\" class=\"swiper-slide-image\" src=\"https:\/\/coole-poster.de\/wp-content\/uploads\/2025\/02\/IMG_5087.webp\" alt=\"IMG_5087\" \/><\/figure><\/div><div class=\"swiper-slide\" role=\"group\" aria-roledescription=\"slide\" aria-label=\"4 von 7\"><figure class=\"swiper-slide-inner\"><img decoding=\"async\" class=\"swiper-slide-image\" src=\"https:\/\/coole-poster.de\/wp-content\/uploads\/2025\/02\/IMG_5100.webp\" alt=\"IMG_5100\" \/><\/figure><\/div><div class=\"swiper-slide\" role=\"group\" aria-roledescription=\"slide\" aria-label=\"5 von 7\"><figure class=\"swiper-slide-inner\"><img decoding=\"async\" class=\"swiper-slide-image\" src=\"https:\/\/coole-poster.de\/wp-content\/uploads\/2025\/02\/IMG_5095.webp\" alt=\"IMG_5095\" \/><\/figure><\/div><div class=\"swiper-slide\" role=\"group\" aria-roledescription=\"slide\" aria-label=\"6 von 7\"><figure class=\"swiper-slide-inner\"><img decoding=\"async\" class=\"swiper-slide-image\" src=\"https:\/\/coole-poster.de\/wp-content\/uploads\/2025\/02\/IMG_5110.webp\" alt=\"IMG_5110\" \/><\/figure><\/div><div class=\"swiper-slide\" role=\"group\" aria-roledescription=\"slide\" aria-label=\"7 von 7\"><figure class=\"swiper-slide-inner\"><img decoding=\"async\" class=\"swiper-slide-image\" src=\"https:\/\/coole-poster.de\/wp-content\/uploads\/2025\/02\/IMG_5114.webp\" alt=\"IMG_5114\" \/><\/figure><\/div>\t\t\t<\/div>\n\t\t\t\t\t\t\t\t\t\t\t\t<div class=\"elementor-swiper-button elementor-swiper-button-prev\" role=\"button\" tabindex=\"0\">\n\t\t\t\t\t\t<svg aria-hidden=\"true\" class=\"e-font-icon-svg e-eicon-chevron-left\" viewBox=\"0 0 1000 1000\" xmlns=\"http:\/\/www.w3.org\/2000\/svg\"><path d=\"M646 125C629 125 613 133 604 142L308 442C296 454 292 471 292 487 292 504 296 521 308 533L604 854C617 867 629 875 646 875 663 875 679 871 692 858 704 846 713 829 713 812 713 796 708 779 692 767L438 487 692 225C700 217 708 204 708 187 708 171 704 154 692 142 675 129 663 125 646 125Z\"><\/path><\/svg>\t\t\t\t\t<\/div>\n\t\t\t\t\t<div class=\"elementor-swiper-button elementor-swiper-button-next\" role=\"button\" tabindex=\"0\">\n\t\t\t\t\t\t<svg aria-hidden=\"true\" class=\"e-font-icon-svg e-eicon-chevron-right\" viewBox=\"0 0 1000 1000\" xmlns=\"http:\/\/www.w3.org\/2000\/svg\"><path d=\"M696 533C708 521 713 504 713 487 713 471 708 454 696 446L400 146C388 133 375 125 354 125 338 125 325 129 313 142 300 154 292 171 292 187 292 204 296 221 308 233L563 492 304 771C292 783 288 800 288 817 288 833 296 850 308 863 321 871 338 875 354 875 371 875 388 867 400 854L696 533Z\"><\/path><\/svg>\t\t\t\t\t<\/div>\n\t\t\t\t\n\t\t\t\t\t\t\t\t\t<div class=\"swiper-pagination\"><\/div>\n\t\t\t\t\t\t\t\t\t<\/div>\n\t\t\t\t\t\t<\/div>\n\t\t\t\t<\/div>\n\t\t\t\t<\/div>\n\t\t\t\t<\/div>\n\t\t","protected":false},"excerpt":{"rendered":"<p>Herzlich willkommen auf meinem Poster und Bilder Shop Sie erhalten hier dekorative Poster und Bilder f\u00fcr Ihr Zuhause, die aber auch als attraktive Geschenke beliebt sind. Es gibt bei mir [&hellip;]<\/p>\n","protected":false},"author":1,"featured_media":0,"parent":0,"menu_order":0,"comment_status":"closed","ping_status":"closed","template":"","meta":{"footnotes":""},"class_list":["post-958","page","type-page","status-publish","hentry"],"_links":{"self":[{"href":"https:\/\/coole-poster.de\/index.php?rest_route=\/wp\/v2\/pages\/958","targetHints":{"allow":["GET"]}}],"collection":[{"href":"https:\/\/coole-poster.de\/index.php?rest_route=\/wp\/v2\/pages"}],"about":[{"href":"https:\/\/coole-poster.de\/index.php?rest_route=\/wp\/v2\/types\/page"}],"author":[{"embeddable":true,"href":"https:\/\/coole-poster.de\/index.php?rest_route=\/wp\/v2\/users\/1"}],"replies":[{"embeddable":true,"href":"https:\/\/coole-poster.de\/index.php?rest_route=%2Fwp%2Fv2%2Fcomments&post=958"}],"version-history":[{"count":122,"href":"https:\/\/coole-poster.de\/index.php?rest_route=\/wp\/v2\/pages\/958\/revisions"}],"predecessor-version":[{"id":1169,"href":"https:\/\/coole-poster.de\/index.php?rest_route=\/wp\/v2\/pages\/958\/revisions\/1169"}],"wp:attachment":[{"href":"https:\/\/coole-poster.de\/index.php?rest_route=%2Fwp%2Fv2%2Fmedia&parent=958"}],"curies":[{"name":"wp","href":"https:\/\/api.w.org\/{rel}","templated":true}]}}