{"id":18,"date":"2025-02-23T15:34:57","date_gmt":"2025-02-23T15:34:57","guid":{"rendered":"https:\/\/coole-poster.de\/?page_id=18"},"modified":"2025-03-02T19:31:48","modified_gmt":"2025-03-02T19:31:48","slug":"datenschutzbestimmungen","status":"publish","type":"page","link":"https:\/\/coole-poster.de\/?page_id=18","title":{"rendered":"Datenschutzbestimmungen"},"content":{"rendered":"\t\t<div data-elementor-type=\"wp-page\" data-elementor-id=\"18\" class=\"elementor elementor-18\">\n\t\t\t\t<div class=\"elementor-element elementor-element-9fc527d e-flex e-con-boxed e-con e-parent\" data-id=\"9fc527d\" data-element_type=\"container\" data-e-type=\"container\">\n\t\t\t\t\t<div class=\"e-con-inner\">\n\t\t\t\t<div class=\"elementor-element elementor-element-9272e23 elementor-widget elementor-widget-text-editor\" data-id=\"9272e23\" data-element_type=\"widget\" data-e-type=\"widget\" data-widget_type=\"text-editor.default\">\n\t\t\t\t<div class=\"elementor-widget-container\">\n\t\t\t\t\t\t\t\t\t<p><strong>Datenschutzerkl\u00e4rung:<\/strong><\/p><p><br \/>Sofern innerhalb des Internetangebotes die M\u00f6glichkeit zur Eingabe pers\u00f6nlicher oder gesch\u00e4ftlicher Daten (E-Mail-Adressen, Namen, Anschriften) besteht, so erfolgt die Preisgabe dieser Daten seitens des Nutzers auf ausdr\u00fccklich freiwilliger Basis. Die Inanspruchnahme aller angebotenen Dienste ist &#8211; soweit technisch m\u00f6glich und zumutbar &#8211; auch ohne Angabe solcher Daten bzw. unter Angabe anonymisierter Daten oder eines Pseudonyms gestattet.<br \/>Daten von Kunden werden nur zur Abwicklung eines Kaufes verwendet und anschlie\u00dfend gel\u00f6scht. Es werden keine Datens\u00e4tze von Kunden angelegt. Eine Registrierung auf der Seite ist deshalb nicht m\u00f6glich und nicht n\u00f6tig. Sie werden von uns niemals Werbemails bekommen.<\/p><p><strong>Hinweise zu Cookies\u00a0<\/strong> W\u00e4hrend Sie auf unserer Webseite sind, werden nur Cookies gesetzt, die durch den von Ihnen genutzten Browser gesetzt werden. Durch unsere Webseite werden keine Cookies gesetzt. Es werden also keine Daten \u00fcber Nutzungsverhalten oder Besuche auf unserer Seite gesammelt.<\/p>\t\t\t\t\t\t\t\t<\/div>\n\t\t\t\t<\/div>\n\t\t\t\t\t<\/div>\n\t\t\t\t<\/div>\n\t\t\t\t<\/div>\n\t\t","protected":false},"excerpt":{"rendered":"<p>Datenschutzerkl\u00e4rung: Sofern innerhalb des Internetangebotes die M\u00f6glichkeit zur Eingabe pers\u00f6nlicher oder gesch\u00e4ftlicher Daten (E-Mail-Adressen, Namen, Anschriften) besteht, so erfolgt die Preisgabe dieser Daten seitens des Nutzers auf ausdr\u00fccklich freiwilliger Basis. [&hellip;]<\/p>\n","protected":false},"author":1,"featured_media":0,"parent":0,"menu_order":0,"comment_status":"closed","ping_status":"closed","template":"","meta":{"footnotes":""},"class_list":["post-18","page","type-page","status-publish","hentry"],"_links":{"self":[{"href":"https:\/\/coole-poster.de\/index.php?rest_route=\/wp\/v2\/pages\/18","targetHints":{"allow":["GET"]}}],"collection":[{"href":"https:\/\/coole-poster.de\/index.php?rest_route=\/wp\/v2\/pages"}],"about":[{"href":"https:\/\/coole-poster.de\/index.php?rest_route=\/wp\/v2\/types\/page"}],"author":[{"embeddable":true,"href":"https:\/\/coole-poster.de\/index.php?rest_route=\/wp\/v2\/users\/1"}],"replies":[{"embeddable":true,"href":"https:\/\/coole-poster.de\/index.php?rest_route=%2Fwp%2Fv2%2Fcomments&post=18"}],"version-history":[{"count":4,"href":"https:\/\/coole-poster.de\/index.php?rest_route=\/wp\/v2\/pages\/18\/revisions"}],"predecessor-version":[{"id":859,"href":"https:\/\/coole-poster.de\/index.php?rest_route=\/wp\/v2\/pages\/18\/revisions\/859"}],"wp:attachment":[{"href":"https:\/\/coole-poster.de\/index.php?rest_route=%2Fwp%2Fv2%2Fmedia&parent=18"}],"curies":[{"name":"wp","href":"https:\/\/api.w.org\/{rel}","templated":true}]}}